{"id":2506,"date":"2023-03-31T12:08:58","date_gmt":"2023-03-31T10:08:58","guid":{"rendered":"https:\/\/ro-tec.net\/company\/about-us\/"},"modified":"2026-01-23T00:32:44","modified_gmt":"2026-01-22T23:32:44","slug":"about-us","status":"publish","type":"page","link":"https:\/\/ro-tec.net\/en\/company\/about-us\/","title":{"rendered":"About us"},"content":{"rendered":"<p>[et_pb_section fb_built=&#8221;1&#8243; _builder_version=&#8221;4.20.2&#8243; custom_padding=&#8221;0px||50px||false|false&#8221; global_colors_info=&#8221;{}&#8221;][et_pb_row _builder_version=&#8221;4.20.2&#8243; _module_preset=&#8221;default&#8221; global_colors_info=&#8221;{}&#8221;][et_pb_column type=&#8221;4_4&#8243; _builder_version=&#8221;4.20.2&#8243; _module_preset=&#8221;default&#8221; global_colors_info=&#8221;{}&#8221;][lwp_divi_breadcrumbs _builder_version=&#8221;4.20.2&#8243; _module_preset=&#8221;default&#8221; global_colors_info=&#8221;{}&#8221;][\/lwp_divi_breadcrumbs][\/et_pb_column][\/et_pb_row][et_pb_row _builder_version=&#8221;4.20.2&#8243; custom_padding=&#8221;||0px||false|false&#8221; global_colors_info=&#8221;{}&#8221;][et_pb_column type=&#8221;4_4&#8243; _builder_version=&#8221;4.16&#8243; custom_padding=&#8221;|||&#8221; global_colors_info=&#8221;{}&#8221; custom_padding__hover=&#8221;|||&#8221;][et_pb_text admin_label=&#8221;Unternehmen&#8221; _builder_version=&#8221;4.20.2&#8243; text_font=&#8221;Roboto||||&#8221; text_text_color=&#8221;#1a1a1a&#8221; text_font_size=&#8221;24px&#8221; animation_style=&#8221;slide&#8221; animation_direction=&#8221;top&#8221; animation_intensity_slide=&#8221;10%&#8221; global_colors_info=&#8221;{}&#8221;]<\/p>\n<h1>About us<\/h1>\n<p>[\/et_pb_text][\/et_pb_column][\/et_pb_row][et_pb_row column_structure=&#8221;1_2,1_2&#8243; _builder_version=&#8221;4.20.2&#8243; custom_padding=&#8221;0px||||false|false&#8221; global_colors_info=&#8221;{}&#8221;][et_pb_column type=&#8221;1_2&#8243; _builder_version=&#8221;4.16&#8243; custom_padding=&#8221;|||&#8221; global_colors_info=&#8221;{}&#8221; custom_padding__hover=&#8221;|||&#8221;][et_pb_divider color=&#8221;#cf0000&#8243; divider_position=&#8221;center&#8221; divider_weight=&#8221;3px&#8221; disabled_on=&#8221;off|off|off&#8221; _builder_version=&#8221;4.20.2&#8243; max_width=&#8221;150px&#8221; height=&#8221;false&#8221; custom_margin=&#8221;||0px||false|false&#8221; animation_style=&#8221;slide&#8221; animation_direction=&#8221;top&#8221; animation_delay=&#8221;100ms&#8221; animation_intensity_slide=&#8221;10%&#8221; global_colors_info=&#8221;{}&#8221;][\/et_pb_divider][et_pb_text admin_label=&#8221;Arbeitsgebiete Text&#8221; _builder_version=&#8221;4.27.4&#8243; text_font=&#8221;||||||||&#8221; custom_padding=&#8221;30px|||&#8221; animation_style=&#8221;slide&#8221; animation_direction=&#8221;top&#8221; animation_delay=&#8221;200ms&#8221; animation_intensity_slide=&#8221;10%&#8221; global_colors_info=&#8221;{}&#8221;]<\/p>\n<h2><span style=\"color: #808080;\">Welcome to <b>ROTEC GmbH.<\/b><\/span><\/h2>\n<p>&nbsp;<\/p>\n<p><span style=\"color: #808080;\"><strong>ROTEC GmbH (ROpe TEChnology)<\/strong> was founded in 2017 by Dipl.-Ing. Sven Winter, Dipl.-Ing. Dirk Moll, Dr.-Ing. Martin Wehr, and Sebastian Traub M.Sc.<\/span><\/p>\n<p><span style=\"color: #808080;\">All four were previously longstanding employees at the Institute for Conveying Technology and Logistics at the University of Stuttgart, where they were active in the fields of research (wire ropes, fiber ropes, ropeways, non-destructive rope testing technology), development and as recognized experts for ropeway installations.<\/span><\/p>\n<p><span style=\"color: #808080;\">By bundling the experience and knowledge in an independent company, the customer&#8217;s desire for continuity and comprehensive service is to be further met.<\/span><\/p>\n<p><span style=\"color: #808080;\">Mit Sitz in Stuttgart \u2013 einem Zentrum deutscher Ingenieurkunst \u2013 steht <strong>ROTEC<\/strong> f\u00fcr h\u00f6chste Qualit\u00e4t, Innovationskraft und Technologie<strong>.<\/strong> Unsere Produkte und Dienstleistungen werden vollst\u00e4ndig in Deutschland entwickelt und gefertigt.<\/span><\/p>\n<h3><span style=\"color: #808080;\">We are looking forward to a trustful cooperation.<\/span><\/h3>\n<p><span style=\"color: #808080;\">Are you interested in our <strong>rope testing devices<\/strong>? Visit our website <\/span> <strong><a href=\"https:\/\/www.ropesys.com\/\">ROPESYS.<\/a><\/strong><\/p>\n<p>[\/et_pb_text][\/et_pb_column][et_pb_column type=&#8221;1_2&#8243; _builder_version=&#8221;4.16&#8243; custom_padding=&#8221;|||&#8221; global_colors_info=&#8221;{}&#8221; custom_padding__hover=&#8221;|||&#8221;][et_pb_image src=&#8221;https:\/\/ro-tec.net\/wp-content\/uploads\/2023\/04\/Laberbergbahn-13-scaled.jpg&#8221; title_text=&#8221;Laberbergbahn (13)&#8221; force_fullwidth=&#8221;on&#8221; align_tablet=&#8221;center&#8221; align_phone=&#8221;center&#8221; align_last_edited=&#8221;on|desktop&#8221; _builder_version=&#8221;4.20.4&#8243; custom_margin=&#8221;60px||||false|false&#8221; animation_style=&#8221;fold&#8221; animation_direction=&#8221;right&#8221; animation_intensity_fold=&#8221;20%&#8221; animation=&#8221;fade_in&#8221; global_colors_info=&#8221;{}&#8221;][\/et_pb_image][et_pb_image src=&#8221;https:\/\/ro-tec.net\/wp-content\/uploads\/2025\/06\/Service-from-Germany-Logo.png&#8221; alt=&#8221;Logo &#8211; Service from Germany&#8221; title_text=&#8221;Service from Germany &#8211; Logo&#8221; force_fullwidth=&#8221;on&#8221; align_tablet=&#8221;center&#8221; align_phone=&#8221;center&#8221; align_last_edited=&#8221;on|desktop&#8221; _builder_version=&#8221;4.27.4&#8243; custom_margin=&#8221;60px||||false|false&#8221; animation_style=&#8221;fold&#8221; animation_direction=&#8221;right&#8221; animation_intensity_fold=&#8221;20%&#8221; animation=&#8221;fade_in&#8221; global_colors_info=&#8221;{}&#8221;][\/et_pb_image][\/et_pb_column][\/et_pb_row][\/et_pb_section][et_pb_section fb_built=&#8221;1&#8243; _builder_version=&#8221;4.20.2&#8243; background_color=&#8221;#f4f4f4&#8243; custom_padding=&#8221;0px||0px||false|false&#8221; locked=&#8221;off&#8221; global_colors_info=&#8221;{}&#8221;][et_pb_row column_structure=&#8221;1_4,1_4,1_4,1_4&#8243; use_custom_gutter=&#8221;on&#8221; gutter_width=&#8221;1&#8243; make_equal=&#8221;on&#8221; admin_label=&#8221;Gallery&#8221; module_class=&#8221; et_pb_row_fullwidth&#8221; _builder_version=&#8221;4.20.2&#8243; width=&#8221;100%&#8221; width_tablet=&#8221;100%&#8221; width_phone=&#8221;100%&#8221; width_last_edited=&#8221;on|phone&#8221; max_width=&#8221;100%&#8221; max_width_tablet=&#8221;100%&#8221; max_width_phone=&#8221;100%&#8221; max_width_last_edited=&#8221;on|desktop&#8221; custom_padding=&#8221;0px||0px||false|false&#8221; make_fullwidth=&#8221;on&#8221; global_colors_info=&#8221;{}&#8221;][et_pb_column type=&#8221;1_4&#8243; _builder_version=&#8221;4.16&#8243; custom_padding=&#8221;|||&#8221; global_colors_info=&#8221;{}&#8221; custom_padding__hover=&#8221;|||&#8221;][et_pb_image src=&#8221;https:\/\/ro-tec.net\/wp-content\/uploads\/2023\/03\/03_Seilbahn_1.jpg&#8221; title_text=&#8221;03_Seilbahn_1&#8243; force_fullwidth=&#8221;on&#8221; align_tablet=&#8221;center&#8221; align_phone=&#8221;center&#8221; align_last_edited=&#8221;on|desktop&#8221; _builder_version=&#8221;4.20.2&#8243; animation_style=&#8221;zoom&#8221; animation_delay=&#8221;200ms&#8221; animation_intensity_zoom=&#8221;10%&#8221; locked=&#8221;off&#8221; global_colors_info=&#8221;{}&#8221;][\/et_pb_image][\/et_pb_column][et_pb_column type=&#8221;1_4&#8243; _builder_version=&#8221;4.16&#8243; custom_padding=&#8221;|||&#8221; global_colors_info=&#8221;{}&#8221; custom_padding__hover=&#8221;|||&#8221;][et_pb_image src=&#8221;https:\/\/ro-tec.net\/wp-content\/uploads\/2023\/04\/Vortrag_4__-scaled.jpg&#8221; title_text=&#8221;Vortrag_(4)__&#8221; force_fullwidth=&#8221;on&#8221; align_tablet=&#8221;center&#8221; align_phone=&#8221;center&#8221; align_last_edited=&#8221;on|desktop&#8221; _builder_version=&#8221;4.20.4&#8243; animation_style=&#8221;zoom&#8221; animation_delay=&#8221;100ms&#8221; animation_intensity_zoom=&#8221;10%&#8221; locked=&#8221;off&#8221; global_colors_info=&#8221;{}&#8221;][\/et_pb_image][\/et_pb_column][et_pb_column type=&#8221;1_4&#8243; _builder_version=&#8221;4.16&#8243; custom_padding=&#8221;|||&#8221; global_colors_info=&#8221;{}&#8221; custom_padding__hover=&#8221;|||&#8221;][et_pb_image src=&#8221;https:\/\/ro-tec.net\/wp-content\/uploads\/2023\/03\/03_Seilbahn_22-1024&#215;768-1.jpg&#8221; title_text=&#8221;03_Seilbahn_22-1024&#215;768&#8243; force_fullwidth=&#8221;on&#8221; align_tablet=&#8221;center&#8221; align_phone=&#8221;center&#8221; align_last_edited=&#8221;on|desktop&#8221; _builder_version=&#8221;4.20.2&#8243; animation_style=&#8221;zoom&#8221; animation_intensity_zoom=&#8221;10%&#8221; global_colors_info=&#8221;{}&#8221;][\/et_pb_image][\/et_pb_column][et_pb_column type=&#8221;1_4&#8243; _builder_version=&#8221;4.16&#8243; custom_padding=&#8221;|||&#8221; global_colors_info=&#8221;{}&#8221; custom_padding__hover=&#8221;|||&#8221;][et_pb_image src=&#8221;https:\/\/ro-tec.net\/wp-content\/uploads\/2023\/03\/4-1024&#215;768-1.jpg&#8221; title_text=&#8221;4-1024&#215;768&#8243; force_fullwidth=&#8221;on&#8221; align_tablet=&#8221;center&#8221; align_phone=&#8221;center&#8221; align_last_edited=&#8221;on|desktop&#8221; _builder_version=&#8221;4.20.2&#8243; animation_style=&#8221;zoom&#8221; animation_delay=&#8221;300ms&#8221; animation_intensity_zoom=&#8221;10%&#8221; locked=&#8221;off&#8221; global_colors_info=&#8221;{}&#8221;][\/et_pb_image][\/et_pb_column][\/et_pb_row][\/et_pb_section]<\/p>\n","protected":false},"excerpt":{"rendered":"<p><div class=\"et_pb_module lwp_divi_breadcrumbs lwp_divi_breadcrumbs_0\">\n\t\t\t\t\n\t\t\t\t\n\t\t\t\t\n\t\t\t\t\n\t\t\t\t\n\t\t\t\t\n\t\t\t\t<div class=\"et_pb_module_inner\">\n\t\t\t\t\t<div class=\"lwp-breadcrumbs\"> <span class=\"before\"><\/span> <span vocab=\"https:\/\/schema.org\/\" typeof=\"BreadcrumbList\"><span property=\"itemListElement\" typeof=\"ListItem\"><a property=\"item\" typeof=\"WebPage\" href=\"https:\/\/ro-tec.net\/en\/\" class=\"home\"><span property=\"name\">Home<\/span><\/a><meta property=\"position\" content=\"1\"><\/span> <span class=\"separator et-pb-icon\">&#x39;<\/span> <\/span><\/div>\n\t\t\t\t<\/div>\n\t\t\t<\/div>About usWelcome to ROTEC GmbH. &nbsp; ROTEC GmbH (ROpe TEChnology) was founded in 2017 by Dipl.-Ing. Sven Winter, Dipl.-Ing. Dirk Moll, Dr.-Ing. Martin Wehr, and Sebastian Traub M.Sc. All four were previously longstanding employees at the Institute for Conveying Technology and Logistics at the University of Stuttgart, where they were active in [&hellip;]<\/p>\n","protected":false},"author":1,"featured_media":1074,"parent":2479,"menu_order":0,"comment_status":"closed","ping_status":"closed","template":"","meta":{"_acf_changed":false,"_et_pb_use_builder":"on","_et_pb_old_content":"","_et_gb_content_width":"","inline_featured_image":false,"footnotes":""},"class_list":["post-2506","page","type-page","status-publish","has-post-thumbnail","hentry"],"acf":[],"yoast_head":"<!-- This site is optimized with the Yoast SEO plugin v27.3 - https:\/\/yoast.com\/product\/yoast-seo-wordpress\/ -->\n<title>About us - ROTEC -<\/title>\n<meta name=\"description\" content=\"About Us: ROTEC GmbH was founded by experienced engineers and offers expertise in rope technology and rope testing technology.\" \/>\n<meta name=\"robots\" content=\"index, follow, max-snippet:-1, max-image-preview:large, max-video-preview:-1\" \/>\n<link rel=\"canonical\" href=\"https:\/\/ro-tec.net\/en\/company\/about-us\/\" \/>\n<meta property=\"og:locale\" content=\"en_US\" \/>\n<meta property=\"og:type\" content=\"article\" \/>\n<meta property=\"og:title\" content=\"About us - ROTEC -\" \/>\n<meta property=\"og:description\" content=\"About Us: ROTEC GmbH was founded by experienced engineers and offers expertise in rope technology and rope testing technology.\" \/>\n<meta property=\"og:url\" content=\"https:\/\/ro-tec.net\/en\/company\/about-us\/\" \/>\n<meta property=\"og:site_name\" content=\"ROTEC\" \/>\n<meta property=\"article:modified_time\" content=\"2026-01-22T23:32:44+00:00\" \/>\n<meta property=\"og:image\" content=\"https:\/\/ro-tec.net\/wp-content\/uploads\/2023\/03\/Logo_Claim.png\" \/>\n\t<meta property=\"og:image:width\" content=\"843\" \/>\n\t<meta property=\"og:image:height\" content=\"393\" \/>\n\t<meta property=\"og:image:type\" content=\"image\/png\" \/>\n<meta name=\"twitter:card\" content=\"summary_large_image\" \/>\n<meta name=\"twitter:label1\" content=\"Est. reading time\" \/>\n\t<meta name=\"twitter:data1\" content=\"3 minutes\" \/>\n<script type=\"application\/ld+json\" class=\"yoast-schema-graph\">{\"@context\":\"https:\\\/\\\/schema.org\",\"@graph\":[{\"@type\":\"WebPage\",\"@id\":\"https:\\\/\\\/ro-tec.net\\\/en\\\/company\\\/about-us\\\/\",\"url\":\"https:\\\/\\\/ro-tec.net\\\/en\\\/company\\\/about-us\\\/\",\"name\":\"About us - ROTEC -\",\"isPartOf\":{\"@id\":\"https:\\\/\\\/ro-tec.net\\\/en\\\/#website\"},\"primaryImageOfPage\":{\"@id\":\"https:\\\/\\\/ro-tec.net\\\/en\\\/company\\\/about-us\\\/#primaryimage\"},\"image\":{\"@id\":\"https:\\\/\\\/ro-tec.net\\\/en\\\/company\\\/about-us\\\/#primaryimage\"},\"thumbnailUrl\":\"https:\\\/\\\/ro-tec.net\\\/wp-content\\\/uploads\\\/2023\\\/03\\\/Logo_Claim.png\",\"datePublished\":\"2023-03-31T10:08:58+00:00\",\"dateModified\":\"2026-01-22T23:32:44+00:00\",\"description\":\"About Us: ROTEC GmbH was founded by experienced engineers and offers expertise in rope technology and rope testing technology.\",\"breadcrumb\":{\"@id\":\"https:\\\/\\\/ro-tec.net\\\/en\\\/company\\\/about-us\\\/#breadcrumb\"},\"inLanguage\":\"en-US\",\"potentialAction\":[{\"@type\":\"ReadAction\",\"target\":[\"https:\\\/\\\/ro-tec.net\\\/en\\\/company\\\/about-us\\\/\"]}]},{\"@type\":\"ImageObject\",\"inLanguage\":\"en-US\",\"@id\":\"https:\\\/\\\/ro-tec.net\\\/en\\\/company\\\/about-us\\\/#primaryimage\",\"url\":\"https:\\\/\\\/ro-tec.net\\\/wp-content\\\/uploads\\\/2023\\\/03\\\/Logo_Claim.png\",\"contentUrl\":\"https:\\\/\\\/ro-tec.net\\\/wp-content\\\/uploads\\\/2023\\\/03\\\/Logo_Claim.png\",\"width\":843,\"height\":393,\"caption\":\"Logo von ROTEC - we make ropes safe\"},{\"@type\":\"BreadcrumbList\",\"@id\":\"https:\\\/\\\/ro-tec.net\\\/en\\\/company\\\/about-us\\\/#breadcrumb\",\"itemListElement\":[{\"@type\":\"ListItem\",\"position\":1,\"name\":\"Startseite\",\"item\":\"https:\\\/\\\/ro-tec.net\\\/en\\\/startseite\\\/\"},{\"@type\":\"ListItem\",\"position\":2,\"name\":\"Company\",\"item\":\"https:\\\/\\\/ro-tec.net\\\/en\\\/company\\\/\"},{\"@type\":\"ListItem\",\"position\":3,\"name\":\"About us\"}]},{\"@type\":\"WebSite\",\"@id\":\"https:\\\/\\\/ro-tec.net\\\/en\\\/#website\",\"url\":\"https:\\\/\\\/ro-tec.net\\\/en\\\/\",\"name\":\"ROTEC\",\"description\":\"we make ropes safe\",\"potentialAction\":[{\"@type\":\"SearchAction\",\"target\":{\"@type\":\"EntryPoint\",\"urlTemplate\":\"https:\\\/\\\/ro-tec.net\\\/en\\\/?s={search_term_string}\"},\"query-input\":{\"@type\":\"PropertyValueSpecification\",\"valueRequired\":true,\"valueName\":\"search_term_string\"}}],\"inLanguage\":\"en-US\"}]}<\/script>\n<!-- \/ Yoast SEO plugin. -->","yoast_head_json":{"title":"About us - ROTEC -","description":"About Us: ROTEC GmbH was founded by experienced engineers and offers expertise in rope technology and rope testing technology.","robots":{"index":"index","follow":"follow","max-snippet":"max-snippet:-1","max-image-preview":"max-image-preview:large","max-video-preview":"max-video-preview:-1"},"canonical":"https:\/\/ro-tec.net\/en\/company\/about-us\/","og_locale":"en_US","og_type":"article","og_title":"About us - ROTEC -","og_description":"About Us: ROTEC GmbH was founded by experienced engineers and offers expertise in rope technology and rope testing technology.","og_url":"https:\/\/ro-tec.net\/en\/company\/about-us\/","og_site_name":"ROTEC","article_modified_time":"2026-01-22T23:32:44+00:00","og_image":[{"width":843,"height":393,"url":"https:\/\/ro-tec.net\/wp-content\/uploads\/2023\/03\/Logo_Claim.png","type":"image\/png"}],"twitter_card":"summary_large_image","twitter_misc":{"Est. reading time":"3 minutes"},"schema":{"@context":"https:\/\/schema.org","@graph":[{"@type":"WebPage","@id":"https:\/\/ro-tec.net\/en\/company\/about-us\/","url":"https:\/\/ro-tec.net\/en\/company\/about-us\/","name":"About us - ROTEC -","isPartOf":{"@id":"https:\/\/ro-tec.net\/en\/#website"},"primaryImageOfPage":{"@id":"https:\/\/ro-tec.net\/en\/company\/about-us\/#primaryimage"},"image":{"@id":"https:\/\/ro-tec.net\/en\/company\/about-us\/#primaryimage"},"thumbnailUrl":"https:\/\/ro-tec.net\/wp-content\/uploads\/2023\/03\/Logo_Claim.png","datePublished":"2023-03-31T10:08:58+00:00","dateModified":"2026-01-22T23:32:44+00:00","description":"About Us: ROTEC GmbH was founded by experienced engineers and offers expertise in rope technology and rope testing technology.","breadcrumb":{"@id":"https:\/\/ro-tec.net\/en\/company\/about-us\/#breadcrumb"},"inLanguage":"en-US","potentialAction":[{"@type":"ReadAction","target":["https:\/\/ro-tec.net\/en\/company\/about-us\/"]}]},{"@type":"ImageObject","inLanguage":"en-US","@id":"https:\/\/ro-tec.net\/en\/company\/about-us\/#primaryimage","url":"https:\/\/ro-tec.net\/wp-content\/uploads\/2023\/03\/Logo_Claim.png","contentUrl":"https:\/\/ro-tec.net\/wp-content\/uploads\/2023\/03\/Logo_Claim.png","width":843,"height":393,"caption":"Logo von ROTEC - we make ropes safe"},{"@type":"BreadcrumbList","@id":"https:\/\/ro-tec.net\/en\/company\/about-us\/#breadcrumb","itemListElement":[{"@type":"ListItem","position":1,"name":"Startseite","item":"https:\/\/ro-tec.net\/en\/startseite\/"},{"@type":"ListItem","position":2,"name":"Company","item":"https:\/\/ro-tec.net\/en\/company\/"},{"@type":"ListItem","position":3,"name":"About us"}]},{"@type":"WebSite","@id":"https:\/\/ro-tec.net\/en\/#website","url":"https:\/\/ro-tec.net\/en\/","name":"ROTEC","description":"we make ropes safe","potentialAction":[{"@type":"SearchAction","target":{"@type":"EntryPoint","urlTemplate":"https:\/\/ro-tec.net\/en\/?s={search_term_string}"},"query-input":{"@type":"PropertyValueSpecification","valueRequired":true,"valueName":"search_term_string"}}],"inLanguage":"en-US"}]}},"_links":{"self":[{"href":"https:\/\/ro-tec.net\/en\/wp-json\/wp\/v2\/pages\/2506","targetHints":{"allow":["GET"]}}],"collection":[{"href":"https:\/\/ro-tec.net\/en\/wp-json\/wp\/v2\/pages"}],"about":[{"href":"https:\/\/ro-tec.net\/en\/wp-json\/wp\/v2\/types\/page"}],"author":[{"embeddable":true,"href":"https:\/\/ro-tec.net\/en\/wp-json\/wp\/v2\/users\/1"}],"replies":[{"embeddable":true,"href":"https:\/\/ro-tec.net\/en\/wp-json\/wp\/v2\/comments?post=2506"}],"version-history":[{"count":0,"href":"https:\/\/ro-tec.net\/en\/wp-json\/wp\/v2\/pages\/2506\/revisions"}],"up":[{"embeddable":true,"href":"https:\/\/ro-tec.net\/en\/wp-json\/wp\/v2\/pages\/2479"}],"wp:featuredmedia":[{"embeddable":true,"href":"https:\/\/ro-tec.net\/en\/wp-json\/wp\/v2\/media\/1074"}],"wp:attachment":[{"href":"https:\/\/ro-tec.net\/en\/wp-json\/wp\/v2\/media?parent=2506"}],"curies":[{"name":"wp","href":"https:\/\/api.w.org\/{rel}","templated":true}]}}